{"id":3444,"date":"2014-07-02T17:20:41","date_gmt":"2014-07-02T16:20:41","guid":{"rendered":"http:\/\/www.guillaumeverdier.com\/accueil\/"},"modified":"2023-11-20T12:47:13","modified_gmt":"2023-11-20T11:47:13","slug":"home","status":"publish","type":"page","link":"https:\/\/www.guillaumeverdier.com\/en\/","title":{"rendered":"Home"},"content":{"rendered":"<div   class='avia-fullscreen-slider main_color   avia-builder-el-0  el_before_av_one_full  avia-builder-el-first  container_wrap sidebar_right'  >\n<style type=\"text\/css\" data-created_by=\"avia_inline_auto\" id=\"style-css-av-k0nxyppg-2c6dbc4ba343c00b0a2dcc6084c16b63\">\n#top .avia-slideshow .av-slideshow-caption.av-k0nxyppg-2c6dbc4ba343c00b0a2dcc6084c16b63__0 .avia-caption-content{\nfont-size:15px;\n}\n#top .avia-slideshow .av-slideshow-caption.av-k0nxyppg-2c6dbc4ba343c00b0a2dcc6084c16b63__0 .avia-caption-content p{\nfont-size:15px;\n}\n#top .avia-slideshow .av-slideshow-caption.av-k0nxyppg-2c6dbc4ba343c00b0a2dcc6084c16b63__1 .avia-caption-content{\nfont-size:15px;\n}\n#top .avia-slideshow .av-slideshow-caption.av-k0nxyppg-2c6dbc4ba343c00b0a2dcc6084c16b63__1 .avia-caption-content p{\nfont-size:15px;\n}\n#top .avia-slideshow .av-slideshow-caption.av-k0nxyppg-2c6dbc4ba343c00b0a2dcc6084c16b63__2 .avia-caption-content{\nfont-size:15px;\n}\n#top .avia-slideshow .av-slideshow-caption.av-k0nxyppg-2c6dbc4ba343c00b0a2dcc6084c16b63__2 .avia-caption-content p{\nfont-size:15px;\n}\n#top .avia-slideshow .av-slideshow-caption.av-k0nxyppg-2c6dbc4ba343c00b0a2dcc6084c16b63__3 .avia-caption-content{\nfont-size:15px;\n}\n#top .avia-slideshow .av-slideshow-caption.av-k0nxyppg-2c6dbc4ba343c00b0a2dcc6084c16b63__3 .avia-caption-content p{\nfont-size:15px;\n}\n#top .avia-slideshow .av-slideshow-caption.av-k0nxyppg-2c6dbc4ba343c00b0a2dcc6084c16b63__4 .avia-caption-content{\nfont-size:15px;\n}\n#top .avia-slideshow .av-slideshow-caption.av-k0nxyppg-2c6dbc4ba343c00b0a2dcc6084c16b63__4 .avia-caption-content p{\nfont-size:15px;\n}\n#top .avia-slideshow .av-slideshow-caption.av-k0nxyppg-2c6dbc4ba343c00b0a2dcc6084c16b63__5 .avia-caption-content{\nfont-size:15px;\n}\n#top .avia-slideshow .av-slideshow-caption.av-k0nxyppg-2c6dbc4ba343c00b0a2dcc6084c16b63__5 .avia-caption-content p{\nfont-size:15px;\n}\n#top .avia-slideshow .av-slideshow-caption.av-k0nxyppg-2c6dbc4ba343c00b0a2dcc6084c16b63__6 .avia-caption-content{\nfont-size:15px;\n}\n#top .avia-slideshow .av-slideshow-caption.av-k0nxyppg-2c6dbc4ba343c00b0a2dcc6084c16b63__6 .avia-caption-content p{\nfont-size:15px;\n}\n#top .avia-slideshow .av-slideshow-caption.av-k0nxyppg-2c6dbc4ba343c00b0a2dcc6084c16b63__7 .avia-caption-content{\nfont-size:15px;\n}\n#top .avia-slideshow .av-slideshow-caption.av-k0nxyppg-2c6dbc4ba343c00b0a2dcc6084c16b63__7 .avia-caption-content p{\nfont-size:15px;\n}\n<\/style>\n<a href='#next-section' title='' class='scroll-down-link av-control-default' aria-hidden='true' data-av_icon='\ue877' data-av_iconfont='entypo-fontello'><\/a><div  class='avia-slideshow av-k0nxyppg-2c6dbc4ba343c00b0a2dcc6084c16b63 avia-slideshow-no scaling av_fullscreen avia-slide-slider av-slideshow-ui av-control-default av-slideshow-autoplay av-loop-endless av-loop-manual-endless av-slider-scroll-down-active av-default-height-applied   avia-slideshow-1' data-slideshow-options=\"{&quot;animation&quot;:&quot;slide&quot;,&quot;autoplay&quot;:true,&quot;loop_autoplay&quot;:&quot;endless&quot;,&quot;interval&quot;:4,&quot;loop_manual&quot;:&quot;manual-endless&quot;,&quot;autoplay_stopper&quot;:false,&quot;noNavigation&quot;:false,&quot;bg_slider&quot;:true,&quot;keep_padding&quot;:false,&quot;hoverpause&quot;:false,&quot;show_slide_delay&quot;:0,&quot;slide_height&quot;:&quot;100&quot;,&quot;image_attachment&quot;:&quot;&quot;}\"  itemprop=\"image\" itemscope=\"itemscope\" itemtype=\"https:\/\/schema.org\/ImageObject\" ><ul class='avia-slideshow-inner ' style='padding-bottom: 66.75%;'><li style='background-position:center center;' data-img-url='https:\/\/www.guillaumeverdier.com\/wp-content\/uploads\/2023\/02\/ETNZ_HH-18767-e1675519027940.jpg' class='avia-slideshow-slide av-k0nxyppg-2c6dbc4ba343c00b0a2dcc6084c16b63__0  slide-1 slide-odd'><div data-rel='slideshow-1' class='avia-slide-wrap '   ><div class='av-slideshow-caption av-k0nxyppg-2c6dbc4ba343c00b0a2dcc6084c16b63__0 caption_fullwidth caption_center'><div class=\"container caption_container\"><div class=\"slideshow_caption\"><div class=\"slideshow_inner_caption\"><div class=\"slideshow_align_caption\"><h2 class='avia-caption-title '  itemprop=\"name\" >AMERICA\u2019S CUP<\/h2><div class='avia-caption-content '  itemprop=\"description\" ><p>Ranging from Areva Challenge in 2004 to the first AC75 for Team New Zealand in 2011,<br \/>\nall of Guillaume Verdier\u2019s designs for the America\u2019s Cup can be found here.<\/p>\n<\/div><a href='https:\/\/www.guillaumeverdier.com\/en\/boats\/america-cup\/'  class='avia-slideshow-button avia-button avia-color-theme-color ' data-duration='800' data-easing='easeInOutQuad'>MORE<\/a><\/div><\/div><\/div><\/div><\/div><div class='av-section-color-overlay' style='opacity: 0.2; background-color: #000000; '><\/div><\/div><\/li><li style='background-position:center center;' data-img-url='https:\/\/www.guillaumeverdier.com\/wp-content\/uploads\/2019\/09\/ultimates-slider-1200.jpg' class='avia-slideshow-slide av-k0nxyppg-2c6dbc4ba343c00b0a2dcc6084c16b63__1  slide-2 slide-even'><div data-rel='slideshow-1' class='avia-slide-wrap '   ><div class='av-slideshow-caption av-k0nxyppg-2c6dbc4ba343c00b0a2dcc6084c16b63__1 caption_fullwidth caption_center'><div class=\"container caption_container\"><div class=\"slideshow_caption\"><div class=\"slideshow_inner_caption\"><div class=\"slideshow_align_caption\"><h2 class='avia-caption-title '  itemprop=\"name\" >ULTIMATES<\/h2><div class='avia-caption-content '  itemprop=\"description\" ><p>Comanche is a 100 foot racing sailboat<br \/>\ndesigned by Guillaume Verdier \u2013 VPLP for skipper Ken Read.<\/p>\n<\/div><a href='https:\/\/www.guillaumeverdier.com\/en\/boats\/ultimates\/'  class='avia-slideshow-button avia-button avia-color-theme-color ' data-duration='800' data-easing='easeInOutQuad'>MORE<\/a><\/div><\/div><\/div><\/div><\/div><div class='av-section-color-overlay' style='opacity: 0.3; background-color: #000000; '><\/div><\/div><\/li><li style='background-position:center center;' data-img-url='https:\/\/www.guillaumeverdier.com\/wp-content\/uploads\/2023\/01\/220825_YR_Holcim-PRB_760.jpg' class='avia-slideshow-slide av-k0nxyppg-2c6dbc4ba343c00b0a2dcc6084c16b63__2  slide-3 slide-odd'><div data-rel='slideshow-1' class='avia-slide-wrap '   ><div class='av-slideshow-caption av-k0nxyppg-2c6dbc4ba343c00b0a2dcc6084c16b63__2 caption_fullwidth caption_center'><div class=\"container caption_container\"><div class=\"slideshow_caption\"><div class=\"slideshow_inner_caption\"><div class=\"slideshow_align_caption\"><h2 class='avia-caption-title '  itemprop=\"name\" >IMOCA 60<\/h2><div class='avia-caption-content '  itemprop=\"description\" ><p>These 60 foot boats, built in composite materials,<br \/>\nare among the fastest modern racing monohulls.<br \/>\nYou can find their designs here.<\/p>\n<\/div><a href='https:\/\/www.guillaumeverdier.com\/en\/boats\/imoca-open-60\/'  class='avia-slideshow-button avia-button avia-color-theme-color ' data-duration='800' data-easing='easeInOutQuad'>MORE<\/a><\/div><\/div><\/div><\/div><\/div><div class='av-section-color-overlay' style='opacity: 0.3; background-color: #000000; '><\/div><\/div><\/li><li style='background-position:center center;' data-img-url='https:\/\/www.guillaumeverdier.com\/wp-content\/uploads\/2023\/01\/220919_YR_Gitana_458.jpg' class='avia-slideshow-slide av-k0nxyppg-2c6dbc4ba343c00b0a2dcc6084c16b63__3  slide-4 slide-even'><div data-rel='slideshow-1' class='avia-slide-wrap '   ><div class='av-slideshow-caption av-k0nxyppg-2c6dbc4ba343c00b0a2dcc6084c16b63__3 caption_fullwidth caption_center'><div class=\"container caption_container\"><div class=\"slideshow_caption\"><div class=\"slideshow_inner_caption\"><div class=\"slideshow_align_caption\"><h2 class='avia-caption-title '  itemprop=\"name\" >MULTIHULLS<\/h2><div class='avia-caption-content '  itemprop=\"description\" ><p>Ever faster boats that can fly.<br \/>\nThis is what Guillaume Verdier aims for<br \/>\nwhen designing trimarans and catamarans.<\/p>\n<\/div><a href='https:\/\/www.guillaumeverdier.com\/en\/boats\/multihulls\/'  class='avia-slideshow-button avia-button avia-color-theme-color ' data-duration='800' data-easing='easeInOutQuad'>MORE<\/a><\/div><\/div><\/div><\/div><\/div><div class='av-section-color-overlay' style='opacity: 0.4; background-color: #000000; '><\/div><\/div><\/li><li style='background-position:center center;' data-img-url='https:\/\/www.guillaumeverdier.com\/wp-content\/uploads\/2021\/11\/SERENIS-Consulting-Jean-Galfione-49-bis-scaled.jpg' class='avia-slideshow-slide av-k0nxyppg-2c6dbc4ba343c00b0a2dcc6084c16b63__4  slide-5 slide-odd'><div data-rel='slideshow-1' class='avia-slide-wrap '   ><div class='av-slideshow-caption av-k0nxyppg-2c6dbc4ba343c00b0a2dcc6084c16b63__4 caption_fullwidth caption_center'><div class=\"container caption_container\"><div class=\"slideshow_caption\"><div class=\"slideshow_inner_caption\"><div class=\"slideshow_align_caption\"><h2 class='avia-caption-title '  itemprop=\"name\" >CLASS40<\/h2><div class='avia-caption-content '  itemprop=\"description\" ><p>Open Class40 boats are designed for doublehanded and singlehanded racing.<br \/>\nCheck out Guillaume Verdier\u2019s creations for the Route du Rhum or the Transat Jacques Vabre.<\/p>\n<\/div><a href='https:\/\/www.guillaumeverdier.com\/en\/boats\/class40\/'  class='avia-slideshow-button avia-button avia-color-theme-color ' data-duration='800' data-easing='easeInOutQuad'>MORE<\/a><\/div><\/div><\/div><\/div><\/div><div class='av-section-color-overlay' style='opacity: 0.3; background-color: #000000; '><\/div><\/div><\/li><li style='background-position:center center;' data-img-url='https:\/\/www.guillaumeverdier.com\/wp-content\/uploads\/2023\/11\/221007_MxHpics_Nacira_D_0118-scaled.jpg' class='avia-slideshow-slide av-k0nxyppg-2c6dbc4ba343c00b0a2dcc6084c16b63__5  slide-6 slide-even'><div data-rel='slideshow-1' class='avia-slide-wrap '   ><div class='av-slideshow-caption av-k0nxyppg-2c6dbc4ba343c00b0a2dcc6084c16b63__5 caption_fullwidth caption_center'><div class=\"container caption_container\"><div class=\"slideshow_caption\"><div class=\"slideshow_inner_caption\"><div class=\"slideshow_align_caption\"><h2 class='avia-caption-title '  itemprop=\"name\" >CRUISING<\/h2><div class='avia-caption-content '  itemprop=\"description\" ><p>Guillaume Verdier also designs cruising boats.<br \/>\nHis sailboats are fast and optimized, making them ideal for cruising.<\/p>\n<\/div><a href='https:\/\/www.guillaumeverdier.com\/en\/boats\/cruising\/'  class='avia-slideshow-button avia-button avia-color-theme-color ' data-duration='800' data-easing='easeInOutQuad'>MORE<\/a><\/div><\/div><\/div><\/div><\/div><div class='av-section-color-overlay' style='opacity: 0.3; background-color: #000000; '><\/div><\/div><\/li><li style='background-position:center center;' data-img-url='https:\/\/www.guillaumeverdier.com\/wp-content\/uploads\/2023\/02\/P1030852-1.jpg' class='avia-slideshow-slide av-k0nxyppg-2c6dbc4ba343c00b0a2dcc6084c16b63__6  slide-7 slide-odd'><div data-rel='slideshow-1' class='avia-slide-wrap '   ><div class='av-slideshow-caption av-k0nxyppg-2c6dbc4ba343c00b0a2dcc6084c16b63__6 caption_fullwidth caption_center'><div class=\"container caption_container\"><div class=\"slideshow_caption\"><div class=\"slideshow_inner_caption\"><div class=\"slideshow_align_caption\"><h2 class='avia-caption-title '  itemprop=\"name\" >MINI 6.50<\/h2><div class='avia-caption-content '  itemprop=\"description\" ><p>Mini 6.50 are tailored for racing, notably the transatlantic crossing.<br \/>\nFrom production boats to prototypes, check out the Mini 6.50 created by the design team.<\/p>\n<\/div><a href='https:\/\/www.guillaumeverdier.com\/en\/boats\/mini650\/'  class='avia-slideshow-button avia-button avia-color-theme-color ' data-duration='800' data-easing='easeInOutQuad'>MORE<\/a><\/div><\/div><\/div><\/div><\/div><div class='av-section-color-overlay' style='opacity: 0.3; background-color: #000000; '><\/div><\/div><\/li><li style='background-position:center center;' data-img-url='https:\/\/www.guillaumeverdier.com\/wp-content\/uploads\/2019\/09\/voile-legere-slider-1200.jpg' class='avia-slideshow-slide av-k0nxyppg-2c6dbc4ba343c00b0a2dcc6084c16b63__7  slide-8 slide-even'><div data-rel='slideshow-1' class='avia-slide-wrap '   ><div class='av-slideshow-caption av-k0nxyppg-2c6dbc4ba343c00b0a2dcc6084c16b63__7 caption_fullwidth caption_center'><div class=\"container caption_container\"><div class=\"slideshow_caption\"><div class=\"slideshow_inner_caption\"><div class=\"slideshow_align_caption\"><h2 class='avia-caption-title '  itemprop=\"name\" >DINGHIES<\/h2><div class='avia-caption-content '  itemprop=\"description\" ><p>Guillaume Verdier and his team imagine light,<br \/>\nfast boats with planing facilities.<\/p>\n<\/div><a href='https:\/\/www.guillaumeverdier.com\/en\/boats\/dinghies\/'  class='avia-slideshow-button avia-button avia-color-theme-color ' data-duration='800' data-easing='easeInOutQuad'>MORE<\/a><\/div><\/div><\/div><\/div><\/div><div class='av-section-color-overlay' style='opacity: 0.3; background-color: #000000; '><\/div><\/div><\/li><\/ul><div class='avia-slideshow-arrows avia-slideshow-controls' ><a href='#prev' class='prev-slide ' aria-hidden='true' data-av_icon='\ue87c' data-av_iconfont='entypo-fontello'  tabindex='-1'>Previous<\/a><a href='#next' class='next-slide ' aria-hidden='true' data-av_icon='\ue87d' data-av_iconfont='entypo-fontello'  tabindex='-1'>Next<\/a><\/div><div class='avia-slideshow-dots avia-slideshow-controls'><a href='#1' class='goto-slide active' >1<\/a><a href='#2' class='goto-slide ' >2<\/a><a href='#3' class='goto-slide ' >3<\/a><a href='#4' class='goto-slide ' >4<\/a><a href='#5' class='goto-slide ' >5<\/a><a href='#6' class='goto-slide ' >6<\/a><a href='#7' class='goto-slide ' >7<\/a><a href='#8' class='goto-slide ' >8<\/a><\/div><\/div><\/div><div id='after_full_slider_1'  class='main_color av_default_container_wrap container_wrap sidebar_right'  ><div class='container av-section-cont-open' ><div class='template-page content  av-content-small alpha units'><div class='post-entry post-entry-type-page post-entry-3444'><div class='entry-content-wrapper clearfix'>\n\n<style type=\"text\/css\" data-created_by=\"avia_inline_auto\" id=\"style-css-av-159p32-320bcfc7bee8a645a09c3eb66ad05874\">\n.flex_column.av-159p32-320bcfc7bee8a645a09c3eb66ad05874{\nborder-radius:0px 0px 0px 0px;\npadding:0px 0px 0px 0px;\n}\n<\/style>\n<div  class='flex_column av-159p32-320bcfc7bee8a645a09c3eb66ad05874 av_one_full  avia-builder-el-1  el_after_av_fullscreen  el_before_av_one_half  avia-builder-el-first  first flex_column_div av-zero-column-padding  '     ><style type=\"text\/css\" data-created_by=\"avia_inline_auto\" id=\"style-css-av-k11ww4zx-054d934d30e66df396d2d2799d39c66f\">\n#top .av-special-heading.av-k11ww4zx-054d934d30e66df396d2d2799d39c66f{\npadding-bottom:0;\n}\nbody .av-special-heading.av-k11ww4zx-054d934d30e66df396d2d2799d39c66f .av-special-heading-tag .heading-char{\nfont-size:25px;\n}\n.av-special-heading.av-k11ww4zx-054d934d30e66df396d2d2799d39c66f .av-subheading{\nfont-size:15px;\n}\n<\/style>\n<div  class='av-special-heading av-k11ww4zx-054d934d30e66df396d2d2799d39c66f av-special-heading-h1 blockquote modern-quote modern-centered  avia-builder-el-2  avia-builder-el-no-sibling  av-thin-font'><h1 class='av-special-heading-tag '  itemprop=\"headline\"  >Guillaume Verdier <strong>Naval Architecture<\/strong><\/h1><div class=\"special-heading-border\"><div class=\"special-heading-inner-border\"><\/div><\/div><\/div><\/div>\n\n<style type=\"text\/css\" data-created_by=\"avia_inline_auto\" id=\"style-css-av-159p32-320bcfc7bee8a645a09c3eb66ad05874\">\n.flex_column.av-159p32-320bcfc7bee8a645a09c3eb66ad05874{\nborder-radius:0px 0px 0px 0px;\npadding:0px 0px 0px 0px;\n}\n<\/style>\n<div  class='flex_column av-159p32-320bcfc7bee8a645a09c3eb66ad05874 av_one_half  avia-builder-el-3  el_after_av_one_full  el_before_av_one_half  first flex_column_div av-zero-column-padding  column-top-margin'     ><section  class='av_textblock_section av-8pac9-2b18330f99a153d608f8b2508c821b12 '   itemscope=\"itemscope\" itemtype=\"https:\/\/schema.org\/CreativeWork\" ><div class='avia_textblock'  itemprop=\"text\" ><p>Guillaume Verdier and his team design monohull and multihull prototypes for competition; however, they regularly share their skills in designing dinghies and cruising boats.<\/p>\n<p>Some of their major collaboration projects have been in partnership with Emirates New Zealand, assisting with the design of the AC72 during the 34<sup>th<\/sup>\u00a0edition, the AC50 during the 35<sup>th<\/sup>\u00a0edition and the AC75 during the 36<sup>th<\/sup>\u00a0edition of the America\u2019s Cup. Among other projects, there are several Open 60s and Class40s, which have been designed for solo racing. Whether it\u2019s for a 100-foot monohull, a Mini 6.50, a 50-footer or a dinghy; their attention to detail remains unchanged.<\/p>\n<\/div><\/section><\/div>\n\n<style type=\"text\/css\" data-created_by=\"avia_inline_auto\" id=\"style-css-av-159p32-fb47836b96b5479a64a29ae2edf3a97f\">\n.flex_column.av-159p32-fb47836b96b5479a64a29ae2edf3a97f{\nborder-radius:0px 0px 0px 0px;\npadding:0px 0px 0px 0px;\n}\n<\/style>\n<div  class='flex_column av-159p32-fb47836b96b5479a64a29ae2edf3a97f av_one_half  avia-builder-el-5  el_after_av_one_half  avia-builder-el-last  flex_column_div av-zero-column-padding  column-top-margin'     ><p><section  class='av_textblock_section av-8pac9-2b18330f99a153d608f8b2508c821b12 '   itemscope=\"itemscope\" itemtype=\"https:\/\/schema.org\/CreativeWork\" ><div class='avia_textblock'  itemprop=\"text\" ><p>Over the past years, Guillaume Verdier has collaborated with various architects and engineers, including Benjamin Muyl, Herv\u00e9 Penfornis and Romaric Neyhousser, Len Imas, Romain Garo, V\u00e9ronique Soul\u00e9, Pierre Louis Pilot, Yohan Roy and Morgane Schlumberger; all having contributed to projects.<\/p>\n<p>Loic Geopfert and Jeremy Palmer have recently joined the team.<\/p>\n<\/div><\/section><br \/>\n\n<style type=\"text\/css\" data-created_by=\"avia_inline_auto\" id=\"style-css-av-k0xuj7y2-042124624fd94a35d1143bf76f860be4\">\n#top .hr.hr-invisible.av-k0xuj7y2-042124624fd94a35d1143bf76f860be4{\nheight:20px;\n}\n<\/style>\n<div  class='hr av-k0xuj7y2-042124624fd94a35d1143bf76f860be4 hr-invisible  avia-builder-el-7  el_after_av_textblock  el_before_av_button '><span class='hr-inner '><span class=\"hr-inner-style\"><\/span><\/span><\/div><br \/>\n<div  class='avia-button-wrap av-k0xuebid-85d188838b337d14834055e95fdd17ba-wrap avia-button-left  avia-builder-el-8  el_after_av_hr  avia-builder-el-last '><a href=''  class='avia-button av-k0xuebid-85d188838b337d14834055e95fdd17ba av-link-btn avia-icon_select-no avia-size-medium avia-position-left avia-color-theme-color'   aria-label=\"G. VERDIER\u2019S PROJECTS\"><span class='avia_iconbox_title' >G. VERDIER\u2019S PROJECTS<\/span><\/a><\/div><\/p><\/div>\n","protected":false},"excerpt":{"rendered":"","protected":false},"author":1,"featured_media":0,"parent":0,"menu_order":0,"comment_status":"closed","ping_status":"closed","template":"","meta":{"footnotes":""},"class_list":["post-3444","page","type-page","status-publish","hentry"],"yoast_head":"<!-- This site is optimized with the Yoast SEO plugin v26.8 - https:\/\/yoast.com\/product\/yoast-seo-wordpress\/ -->\n<title>Architecture Navale<\/title>\n<meta name=\"description\" content=\"Architecture navale, IMAGINER ET CONCEVOIR DES BATEAUX DE COMP\u00c9TITION A HAUTE PERFORMANCE Le m\u00e9tier du cabinet d&#039;architecture navale Guillaume Verdier s&#039;articule autour de trois domaines de comp\u00e9tences majeurs : L&#039;\u00e9tude de formes hydrodynamiques et a\u00e9rodynamiques, La pr\u00e9vision des performances, La conception de structures.\" \/>\n<meta name=\"robots\" content=\"index, follow, max-snippet:-1, max-image-preview:large, max-video-preview:-1\" \/>\n<link rel=\"canonical\" href=\"https:\/\/www.guillaumeverdier.com\/en\/\" \/>\n<meta property=\"og:locale\" content=\"en_US\" \/>\n<meta property=\"og:type\" content=\"article\" \/>\n<meta property=\"og:title\" content=\"Architecture Navale\" \/>\n<meta property=\"og:description\" content=\"Architecture navale, IMAGINER ET CONCEVOIR DES BATEAUX DE COMP\u00c9TITION A HAUTE PERFORMANCE Le m\u00e9tier du cabinet d&#039;architecture navale Guillaume Verdier s&#039;articule autour de trois domaines de comp\u00e9tences majeurs : L&#039;\u00e9tude de formes hydrodynamiques et a\u00e9rodynamiques, La pr\u00e9vision des performances, La conception de structures.\" \/>\n<meta property=\"og:url\" content=\"https:\/\/www.guillaumeverdier.com\/en\/\" \/>\n<meta property=\"og:site_name\" content=\"Guillaume Verdier\" \/>\n<meta property=\"article:modified_time\" content=\"2023-11-20T11:47:13+00:00\" \/>\n<meta name=\"twitter:label1\" content=\"Est. reading time\" \/>\n\t<meta name=\"twitter:data1\" content=\"10 minutes\" \/>\n<script type=\"application\/ld+json\" class=\"yoast-schema-graph\">{\"@context\":\"https:\/\/schema.org\",\"@graph\":[{\"@type\":\"WebPage\",\"@id\":\"https:\/\/www.guillaumeverdier.com\/en\/\",\"url\":\"https:\/\/www.guillaumeverdier.com\/en\/\",\"name\":\"Architecture Navale\",\"isPartOf\":{\"@id\":\"https:\/\/www.guillaumeverdier.com\/#website\"},\"datePublished\":\"2014-07-02T16:20:41+00:00\",\"dateModified\":\"2023-11-20T11:47:13+00:00\",\"description\":\"Architecture navale, IMAGINER ET CONCEVOIR DES BATEAUX DE COMP\u00c9TITION A HAUTE PERFORMANCE Le m\u00e9tier du cabinet d'architecture navale Guillaume Verdier s'articule autour de trois domaines de comp\u00e9tences majeurs : L'\u00e9tude de formes hydrodynamiques et a\u00e9rodynamiques, La pr\u00e9vision des performances, La conception de structures.\",\"breadcrumb\":{\"@id\":\"https:\/\/www.guillaumeverdier.com\/en\/#breadcrumb\"},\"inLanguage\":\"en-US\",\"potentialAction\":[{\"@type\":\"ReadAction\",\"target\":[\"https:\/\/www.guillaumeverdier.com\/en\/\"]}]},{\"@type\":\"BreadcrumbList\",\"@id\":\"https:\/\/www.guillaumeverdier.com\/en\/#breadcrumb\",\"itemListElement\":[{\"@type\":\"ListItem\",\"position\":1,\"name\":\"Accueil\",\"item\":\"https:\/\/www.guillaumeverdier.com\/en\/\"},{\"@type\":\"ListItem\",\"position\":2,\"name\":\"Home\"}]},{\"@type\":\"WebSite\",\"@id\":\"https:\/\/www.guillaumeverdier.com\/#website\",\"url\":\"https:\/\/www.guillaumeverdier.com\/\",\"name\":\"Guillaume Verdier\",\"description\":\"Architecture Navale\",\"potentialAction\":[{\"@type\":\"SearchAction\",\"target\":{\"@type\":\"EntryPoint\",\"urlTemplate\":\"https:\/\/www.guillaumeverdier.com\/?s={search_term_string}\"},\"query-input\":{\"@type\":\"PropertyValueSpecification\",\"valueRequired\":true,\"valueName\":\"search_term_string\"}}],\"inLanguage\":\"en-US\"}]}<\/script>\n<!-- \/ Yoast SEO plugin. -->","yoast_head_json":{"title":"Architecture Navale","description":"Architecture navale, IMAGINER ET CONCEVOIR DES BATEAUX DE COMP\u00c9TITION A HAUTE PERFORMANCE Le m\u00e9tier du cabinet d'architecture navale Guillaume Verdier s'articule autour de trois domaines de comp\u00e9tences majeurs : L'\u00e9tude de formes hydrodynamiques et a\u00e9rodynamiques, La pr\u00e9vision des performances, La conception de structures.","robots":{"index":"index","follow":"follow","max-snippet":"max-snippet:-1","max-image-preview":"max-image-preview:large","max-video-preview":"max-video-preview:-1"},"canonical":"https:\/\/www.guillaumeverdier.com\/en\/","og_locale":"en_US","og_type":"article","og_title":"Architecture Navale","og_description":"Architecture navale, IMAGINER ET CONCEVOIR DES BATEAUX DE COMP\u00c9TITION A HAUTE PERFORMANCE Le m\u00e9tier du cabinet d'architecture navale Guillaume Verdier s'articule autour de trois domaines de comp\u00e9tences majeurs : L'\u00e9tude de formes hydrodynamiques et a\u00e9rodynamiques, La pr\u00e9vision des performances, La conception de structures.","og_url":"https:\/\/www.guillaumeverdier.com\/en\/","og_site_name":"Guillaume Verdier","article_modified_time":"2023-11-20T11:47:13+00:00","twitter_misc":{"Est. reading time":"10 minutes"},"schema":{"@context":"https:\/\/schema.org","@graph":[{"@type":"WebPage","@id":"https:\/\/www.guillaumeverdier.com\/en\/","url":"https:\/\/www.guillaumeverdier.com\/en\/","name":"Architecture Navale","isPartOf":{"@id":"https:\/\/www.guillaumeverdier.com\/#website"},"datePublished":"2014-07-02T16:20:41+00:00","dateModified":"2023-11-20T11:47:13+00:00","description":"Architecture navale, IMAGINER ET CONCEVOIR DES BATEAUX DE COMP\u00c9TITION A HAUTE PERFORMANCE Le m\u00e9tier du cabinet d'architecture navale Guillaume Verdier s'articule autour de trois domaines de comp\u00e9tences majeurs : L'\u00e9tude de formes hydrodynamiques et a\u00e9rodynamiques, La pr\u00e9vision des performances, La conception de structures.","breadcrumb":{"@id":"https:\/\/www.guillaumeverdier.com\/en\/#breadcrumb"},"inLanguage":"en-US","potentialAction":[{"@type":"ReadAction","target":["https:\/\/www.guillaumeverdier.com\/en\/"]}]},{"@type":"BreadcrumbList","@id":"https:\/\/www.guillaumeverdier.com\/en\/#breadcrumb","itemListElement":[{"@type":"ListItem","position":1,"name":"Accueil","item":"https:\/\/www.guillaumeverdier.com\/en\/"},{"@type":"ListItem","position":2,"name":"Home"}]},{"@type":"WebSite","@id":"https:\/\/www.guillaumeverdier.com\/#website","url":"https:\/\/www.guillaumeverdier.com\/","name":"Guillaume Verdier","description":"Architecture Navale","potentialAction":[{"@type":"SearchAction","target":{"@type":"EntryPoint","urlTemplate":"https:\/\/www.guillaumeverdier.com\/?s={search_term_string}"},"query-input":{"@type":"PropertyValueSpecification","valueRequired":true,"valueName":"search_term_string"}}],"inLanguage":"en-US"}]}},"_links":{"self":[{"href":"https:\/\/www.guillaumeverdier.com\/en\/wp-json\/wp\/v2\/pages\/3444","targetHints":{"allow":["GET"]}}],"collection":[{"href":"https:\/\/www.guillaumeverdier.com\/en\/wp-json\/wp\/v2\/pages"}],"about":[{"href":"https:\/\/www.guillaumeverdier.com\/en\/wp-json\/wp\/v2\/types\/page"}],"author":[{"embeddable":true,"href":"https:\/\/www.guillaumeverdier.com\/en\/wp-json\/wp\/v2\/users\/1"}],"replies":[{"embeddable":true,"href":"https:\/\/www.guillaumeverdier.com\/en\/wp-json\/wp\/v2\/comments?post=3444"}],"version-history":[{"count":16,"href":"https:\/\/www.guillaumeverdier.com\/en\/wp-json\/wp\/v2\/pages\/3444\/revisions"}],"predecessor-version":[{"id":7726,"href":"https:\/\/www.guillaumeverdier.com\/en\/wp-json\/wp\/v2\/pages\/3444\/revisions\/7726"}],"wp:attachment":[{"href":"https:\/\/www.guillaumeverdier.com\/en\/wp-json\/wp\/v2\/media?parent=3444"}],"curies":[{"name":"wp","href":"https:\/\/api.w.org\/{rel}","templated":true}]}}